{"id":8,"date":"2024-02-28T20:54:46","date_gmt":"2024-02-28T20:54:46","guid":{"rendered":"https:\/\/wterapii.com\/?page_id=8"},"modified":"2025-01-23T13:53:52","modified_gmt":"2025-01-23T13:53:52","slug":"about","status":"publish","type":"page","link":"https:\/\/wterapii.com\/index.php\/about\/","title":{"rendered":"O mnie"},"content":{"rendered":"\n<figure class=\"wp-block-image size-large\"><img loading=\"lazy\" decoding=\"async\" width=\"1024\" height=\"1019\" src=\"http:\/\/wterapii.com\/wp-content\/uploads\/2024\/02\/najlepsze-1024x1019.png\" alt=\"\" class=\"wp-image-77\" srcset=\"https:\/\/wterapii.com\/wp-content\/uploads\/2024\/02\/najlepsze-1024x1019.png 1024w, https:\/\/wterapii.com\/wp-content\/uploads\/2024\/02\/najlepsze-300x300.png 300w, https:\/\/wterapii.com\/wp-content\/uploads\/2024\/02\/najlepsze-150x150.png 150w, https:\/\/wterapii.com\/wp-content\/uploads\/2024\/02\/najlepsze-768x764.png 768w, https:\/\/wterapii.com\/wp-content\/uploads\/2024\/02\/najlepsze-1536x1529.png 1536w, https:\/\/wterapii.com\/wp-content\/uploads\/2024\/02\/najlepsze-2048x2039.png 2048w\" sizes=\"auto, (max-width: 1024px) 100vw, 1024px\" \/><\/figure>\n\n\n\n<p>Jestem psychologiem i psychoterapeut\u0105 poznawczo-behawioralnym w trakcie szkolenia, specjalizuj\u0105cym si\u0119 w <strong>diagnozie i terapii os\u00f3b doros\u0142ych i m\u0142odzie\u017cy z ADHD<\/strong>.<\/p>\n\n\n\n<p>Wspieram tak\u017ce osoby, kt\u00f3re zmagaj\u0105 si\u0119 z l\u0119kiem, depresj\u0105, perfekcjonizmem, trudno\u015bciami wychowawczymi, problemami w relacjach, czy stresem. W mojej pracy wykorzystuj\u0119 nowoczesne podej\u015bcia terapeutyczne, takie jak CBT, ACT i TSR, aby dopasowa\u0107 terapi\u0119 do indywidualnych potrzeb ka\u017cdego klienta.<\/p>\n\n\n\n<p>Oferuj\u0119 sesje online, kt\u00f3re s\u0105 elastyczne, dost\u0119pne i dostosowane do Twoich potrzeb. Dzi\u0119ki mojej znajomo\u015bci pi\u0119ciu j\u0119zyk\u00f3w mog\u0119 prowadzi\u0107 terapi\u0119 dla os\u00f3b z r\u00f3\u017cnych kultur i kraj\u00f3w. Wierz\u0119 w moc empatii, autentyczno\u015bci <br>i szacunku \u2013 tworz\u0119 bezpieczn\u0105 przestrze\u0144, w kt\u00f3rej mo\u017cesz swobodnie wyra\u017ca\u0107 swoje my\u015bli i emocje.<\/p>\n\n\n\n<p><strong>WYKSZTA\u0141CENIE<\/strong><\/p>\n\n\n\n<p>Uko\u0144czy\u0142am <strong>psychologi\u0119 na Uniwersytecie Jagiello\u0144skim<\/strong>, a obecnie jestem w trakcie ca\u0142o\u015bciowego <strong>4-letniego szkolenia w psychoterapii poznawczo-behawioralnej w Szkole Terapii Poznawczo \u2013 Behawioralnej Centrum CBT-EDU <\/strong>w Katowicach. Szkolenie jest akredytowane przez Polskie Towarzystwo Terapii Poznawczo-Behawioralnej.<\/p>\n\n\n\n<p>Mam ponad <strong>10-letnie do\u015bwiadczenie<\/strong> we wspieraniu rozwoju kompetencji psychologicznych oraz relacji interpersonalnych poprzez prac\u0119 indywidualn\u0105 i grupow\u0105.<\/p>\n\n\n\n<p>Do\u015bwiadczenie w pracy zdobywa\u0142am mi\u0119dzy innymi w Poradnii Psychologiczno-Pedagogicznej w Ropczycach, w gabinecie prywatnym (praca z doros\u0142ymi), w liceum, gimnazjum (Krak\u00f3w, praca z nastolatkami) oraz w przedszkolu (\u015awierklaniec, praca z dzie\u0107mi oraz konsultacje dla rodzic\u00f3w i wychowawc\u00f3w).<\/p>\n\n\n\n<p><\/p>\n","protected":false},"excerpt":{"rendered":"<p>Jestem psychologiem i psychoterapeut\u0105 poznawczo-behawioralnym w trakcie szkolenia, specjalizuj\u0105cym si\u0119 w diagnozie i terapii os\u00f3b doros\u0142ych i m\u0142odzie\u017cy z ADHD. Wspieram tak\u017ce osoby, kt\u00f3re zmagaj\u0105 si\u0119 z l\u0119kiem, depresj\u0105, perfekcjonizmem, trudno\u015bciami wychowawczymi, problemami w relacjach, czy stresem. W mojej pracy wykorzystuj\u0119 nowoczesne podej\u015bcia terapeutyczne, takie jak CBT, ACT i TSR, aby dopasowa\u0107 terapi\u0119 do indywidualnych [&hellip;]<\/p>\n","protected":false},"author":1,"featured_media":0,"parent":0,"menu_order":0,"comment_status":"closed","ping_status":"closed","template":"","meta":{"footnotes":""},"class_list":["post-8","page","type-page","status-publish","hentry"],"_links":{"self":[{"href":"https:\/\/wterapii.com\/index.php\/wp-json\/wp\/v2\/pages\/8","targetHints":{"allow":["GET"]}}],"collection":[{"href":"https:\/\/wterapii.com\/index.php\/wp-json\/wp\/v2\/pages"}],"about":[{"href":"https:\/\/wterapii.com\/index.php\/wp-json\/wp\/v2\/types\/page"}],"author":[{"embeddable":true,"href":"https:\/\/wterapii.com\/index.php\/wp-json\/wp\/v2\/users\/1"}],"replies":[{"embeddable":true,"href":"https:\/\/wterapii.com\/index.php\/wp-json\/wp\/v2\/comments?post=8"}],"version-history":[{"count":11,"href":"https:\/\/wterapii.com\/index.php\/wp-json\/wp\/v2\/pages\/8\/revisions"}],"predecessor-version":[{"id":96,"href":"https:\/\/wterapii.com\/index.php\/wp-json\/wp\/v2\/pages\/8\/revisions\/96"}],"wp:attachment":[{"href":"https:\/\/wterapii.com\/index.php\/wp-json\/wp\/v2\/media?parent=8"}],"curies":[{"name":"wp","href":"https:\/\/api.w.org\/{rel}","templated":true}]}}